{"id":31,"date":"2021-11-29T19:18:26","date_gmt":"2021-11-29T19:18:26","guid":{"rendered":"https:\/\/www.carstens.com.mx\/blog\/?page_id=31"},"modified":"2021-11-29T22:41:32","modified_gmt":"2021-11-29T22:41:32","slug":"blog","status":"publish","type":"page","link":"https:\/\/www.carstens.com.mx\/blog\/blog\/","title":{"rendered":"Blog"},"content":{"rendered":"\n<div id=\"pcp_wrapper-52\" class=\"sp-pcp-section sp-pcp-container pcp-wrapper-52\">\n\t<div class=\"sp-pcp-row\">\n\t\t\t\t<div class=\" sp-pcp-col-xs-1 sp-pcp-col-sm-2 sp-pcp-col-md-3 sp-pcp-col-lg-3 sp-pcp-col-xl-3\">\n\t\t\t<div class=\"sp-pcp-post pcp-item-58\" data-id=\"58\">\n\t\t\t\t\t\t\t\t<div class=\"pcp-post-thumb-wrapper\">\n\t\t\t\t\t<div class=\"sp-pcp-post-thumb-area\">\n\t\t\t\t\t\t\t\t\t\t\t\t<a class=\"sp-pcp-thumb\" href=\"https:\/\/www.carstens.com.mx\/blog\/el-inegi-reporto-que-en-mexico-se-registraron-36579-homicidios-dolosos-durante-2020\/\" target=\"_self\" >\n\t\t\t\t\t\t\t\t\t\t\t\t\t<img loading=\"lazy\" decoding=\"async\" src=\"https:\/\/www.carstens.com.mx\/blog\/wp-content\/plugins\/post-carousel\/public\/assets\/img\/placeholder.png\" width=\"600\" height=\"450\" alt=\"\">\n\t\t\t\t\t\t<\/a>\n\t\t\t\t\t<\/div>\n\t\t\t\t<\/div>\n\t\t\t\t\t\t\t<h2 class=\"sp-pcp-title\">\n\t\t\t\t\t\t\t\t\t<a href=\"https:\/\/www.carstens.com.mx\/blog\/el-inegi-reporto-que-en-mexico-se-registraron-36579-homicidios-dolosos-durante-2020\/\"  target=\"_self\">El Inegi report\u00f3 que en  M\u00e9xico se registraron 36,579 homicidios dolosos durante 2020,<\/a>\t\t\t\t\t\t\t<\/h2>\n\t\t\t\t\t\t<div class=\"sp-pcp-post-meta\">\n\t\t\t<ul><li>\t\t\t\t\t<i class=\"fa fa-user\"><\/i>\n\t\t\t\t\t<a href=\"https:\/\/www.carstens.com.mx\/blog\/author\/carstens\/\"\n\t\t\t\t\t\trel=\"author\">Carstens<\/a>\n\t\t\t\t\t<\/li> <li>\t\t\t\t\t<i class=\"fa fa-calendar\"><\/i>\n\n<time class=\"entry-date published updated\">noviembre 30, 2021<\/time>\n\t\t\t\t\t<\/li><\/ul>\t\t<\/div>\n\t\t\t\t\t<div class=\"sp-pcp-post-content\">\n\t\t\t<p>Las entidades con mayor n\u00famero de homicidios el a\u00f1o pasado fueron: Guanajuato con 3,974 asesinatos; Estado de M\u00e9xico, con 3,237 casos, y Chihuahua, 2,935.M\u00e9xico, aun con el confinamiento, mantuvo en 2020 la misma tasa de homicidios de los dos a\u00f1os previos, con 29 asesinatos por cada 100,000 habitantes.El a\u00f1o pasado se registraron 36,579 homicidios dolosos, [&hellip;]<\/p>\n\t\t<div class=\"sp-pcp-readmore\">\n\t\t\t\t\t\t\t<a class=\"pcp-readmore-link\" target=\"_self\" href=\"https:\/\/www.carstens.com.mx\/blog\/el-inegi-reporto-que-en-mexico-se-registraron-36579-homicidios-dolosos-durante-2020\/\" >\n\t\t\t\t\t\tRead More <\/a>\n\t\t<\/div>\n\t\t\t\t\t<\/div>\n\t\t\t\t\t\t<\/div>\n\t\t<\/div>\n\t\t\t\t<div class=\" sp-pcp-col-xs-1 sp-pcp-col-sm-2 sp-pcp-col-md-3 sp-pcp-col-lg-3 sp-pcp-col-xl-3\">\n\t\t\t<div class=\"sp-pcp-post pcp-item-28\" data-id=\"28\">\n\t\t\t\t\t\t\t\t<div class=\"pcp-post-thumb-wrapper\">\n\t\t\t\t\t<div class=\"sp-pcp-post-thumb-area\">\n\t\t\t\t\t\t\t\t\t\t\t\t<a class=\"sp-pcp-thumb\" href=\"https:\/\/www.carstens.com.mx\/blog\/que-es-la-seguridad-electronica\/\" target=\"_self\" >\n\t\t\t\t\t\t\t\t\t\t\t\t\t<img loading=\"lazy\" decoding=\"async\" src=\"https:\/\/www.carstens.com.mx\/blog\/wp-content\/uploads\/2021\/11\/sistemas-de-seguridad-en-una-empresa.jpg\" width=\"1000\" height=\"563\" alt=\"\">\n\t\t\t\t\t\t<\/a>\n\t\t\t\t\t<\/div>\n\t\t\t\t<\/div>\n\t\t\t\t\t\t\t<h2 class=\"sp-pcp-title\">\n\t\t\t\t\t\t\t\t\t<a href=\"https:\/\/www.carstens.com.mx\/blog\/que-es-la-seguridad-electronica\/\"  target=\"_self\">\u00bfQu\u00e9 es la seguridad electr\u00f3nica?<\/a>\t\t\t\t\t\t\t<\/h2>\n\t\t\t\t\t\t<div class=\"sp-pcp-post-meta\">\n\t\t\t<ul><li>\t\t\t\t\t<i class=\"fa fa-user\"><\/i>\n\t\t\t\t\t<a href=\"https:\/\/www.carstens.com.mx\/blog\/author\/randy\/\"\n\t\t\t\t\t\trel=\"author\">Redacci\u00f3n<\/a>\n\t\t\t\t\t<\/li> <li>\t\t\t\t\t<i class=\"fa fa-calendar\"><\/i>\n\n<time class=\"entry-date published updated\">noviembre 29, 2021<\/time>\n\t\t\t\t\t<\/li><\/ul>\t\t<\/div>\n\t\t\t\t\t<div class=\"sp-pcp-post-content\">\n\t\t\t<p>La seguridad ha supuesto desde tiempo inmemorial una de las principales preocupaciones de los seres humanos. En la actualidad, y debido a la explosi\u00f3n de las redes de comunicaci\u00f3n, de Internet y de las redes sociales, a la necesidad de una seguridad f\u00edsica se ha sumado otra de una seguridad online que tiene que ver [&hellip;]<\/p>\n\t\t<div class=\"sp-pcp-readmore\">\n\t\t\t\t\t\t\t<a class=\"pcp-readmore-link\" target=\"_self\" href=\"https:\/\/www.carstens.com.mx\/blog\/que-es-la-seguridad-electronica\/\" >\n\t\t\t\t\t\tRead More <\/a>\n\t\t<\/div>\n\t\t\t\t\t<\/div>\n\t\t\t\t\t\t<\/div>\n\t\t<\/div>\n\t\t\t\t<div class=\" sp-pcp-col-xs-1 sp-pcp-col-sm-2 sp-pcp-col-md-3 sp-pcp-col-lg-3 sp-pcp-col-xl-3\">\n\t\t\t<div class=\"sp-pcp-post pcp-item-25\" data-id=\"25\">\n\t\t\t\t\t\t\t\t<div class=\"pcp-post-thumb-wrapper\">\n\t\t\t\t\t<div class=\"sp-pcp-post-thumb-area\">\n\t\t\t\t\t\t\t\t\t\t\t\t<a class=\"sp-pcp-thumb\" href=\"https:\/\/www.carstens.com.mx\/blog\/persona-clave-la-importancia-de-identificarlo-y-asegurarlo\/\" target=\"_self\" >\n\t\t\t\t\t\t\t\t\t\t\t\t\t<img loading=\"lazy\" decoding=\"async\" src=\"https:\/\/www.carstens.com.mx\/blog\/wp-content\/uploads\/2021\/11\/seguro-hombre-clave.jpg\" width=\"874\" height=\"1000\" alt=\"\">\n\t\t\t\t\t\t<\/a>\n\t\t\t\t\t<\/div>\n\t\t\t\t<\/div>\n\t\t\t\t\t\t\t<h2 class=\"sp-pcp-title\">\n\t\t\t\t\t\t\t\t\t<a href=\"https:\/\/www.carstens.com.mx\/blog\/persona-clave-la-importancia-de-identificarlo-y-asegurarlo\/\"  target=\"_self\">Persona Clave: la importancia de identificarlo y asegurarlo<\/a>\t\t\t\t\t\t\t<\/h2>\n\t\t\t\t\t\t<div class=\"sp-pcp-post-meta\">\n\t\t\t<ul><li>\t\t\t\t\t<i class=\"fa fa-user\"><\/i>\n\t\t\t\t\t<a href=\"https:\/\/www.carstens.com.mx\/blog\/author\/randy\/\"\n\t\t\t\t\t\trel=\"author\">Redacci\u00f3n<\/a>\n\t\t\t\t\t<\/li> <li>\t\t\t\t\t<i class=\"fa fa-calendar\"><\/i>\n\n<time class=\"entry-date published updated\">noviembre 29, 2021<\/time>\n\t\t\t\t\t<\/li><\/ul>\t\t<\/div>\n\t\t\t\t\t<div class=\"sp-pcp-post-content\">\n\t\t\t<p>El seguro de Persona Clave sirve para velar por la estabilidad financiera de una empresa sana Este instrumento es un aliado econ\u00f3mico poderoso ante la ausencia de esa persona imprescindible en el negocio Frecuentes,\u00a0 los casos en que el colaborador estrat\u00e9gico se ve afectado y la transferencia de estafeta es inexistente Vital, que las empresas [&hellip;]<\/p>\n\t\t<div class=\"sp-pcp-readmore\">\n\t\t\t\t\t\t\t<a class=\"pcp-readmore-link\" target=\"_self\" href=\"https:\/\/www.carstens.com.mx\/blog\/persona-clave-la-importancia-de-identificarlo-y-asegurarlo\/\" >\n\t\t\t\t\t\tRead More <\/a>\n\t\t<\/div>\n\t\t\t\t\t<\/div>\n\t\t\t\t\t\t<\/div>\n\t\t<\/div>\n\t\t\t<\/div>\n\t\t<span class=\"sp-pcp-pagination-data\" style=\"display:none;\"><\/span>\n\n\t\t<nav class=\"pcp-post-pagination pcp-on-desktop\">\n\t\t\t\t\t<\/nav>\n\t\t\t\t\t<nav class=\"pcp-post-pagination pcp-on-mobile\">\n\t\t\t\t\t<\/nav>\n\t\t\t\t<\/div>\n\n\n\n\n<p><\/p>\n","protected":false},"excerpt":{"rendered":"","protected":false},"author":1,"featured_media":0,"parent":0,"menu_order":0,"comment_status":"closed","ping_status":"closed","template":"","meta":{"footnotes":""},"class_list":["post-31","page","type-page","status-publish","hentry"],"_links":{"self":[{"href":"https:\/\/www.carstens.com.mx\/blog\/wp-json\/wp\/v2\/pages\/31","targetHints":{"allow":["GET"]}}],"collection":[{"href":"https:\/\/www.carstens.com.mx\/blog\/wp-json\/wp\/v2\/pages"}],"about":[{"href":"https:\/\/www.carstens.com.mx\/blog\/wp-json\/wp\/v2\/types\/page"}],"author":[{"embeddable":true,"href":"https:\/\/www.carstens.com.mx\/blog\/wp-json\/wp\/v2\/users\/1"}],"replies":[{"embeddable":true,"href":"https:\/\/www.carstens.com.mx\/blog\/wp-json\/wp\/v2\/comments?post=31"}],"version-history":[{"count":4,"href":"https:\/\/www.carstens.com.mx\/blog\/wp-json\/wp\/v2\/pages\/31\/revisions"}],"predecessor-version":[{"id":55,"href":"https:\/\/www.carstens.com.mx\/blog\/wp-json\/wp\/v2\/pages\/31\/revisions\/55"}],"wp:attachment":[{"href":"https:\/\/www.carstens.com.mx\/blog\/wp-json\/wp\/v2\/media?parent=31"}],"curies":[{"name":"wp","href":"https:\/\/api.w.org\/{rel}","templated":true}]}}